{"id":39,"date":"2016-10-08T11:55:32","date_gmt":"2016-10-08T09:55:32","guid":{"rendered":"http:\/\/jeremiemalodj.com\/?page_id=39"},"modified":"2026-02-05T12:18:40","modified_gmt":"2026-02-05T11:18:40","slug":"videos","status":"publish","type":"page","link":"http:\/\/jeremiemalodj.com\/index.php\/videos\/","title":{"rendered":"CLIPS"},"content":{"rendered":"<h3 style=\"text-align: center;\"><a href=\"https:\/\/www.youtube.com\/channel\/UC-PKQ9FAc5NjDntNv6nen2Q\" target=\"_blank\" rel=\"noopener\"><strong> CLIPS \ufe0f<img loading=\"lazy\" decoding=\"async\" class=\"sFlh5c FyHeAf iPVvYb\" src=\"https:\/\/e7.pngegg.com\/pngimages\/857\/675\/png-clipart-emoji-film-movie-camera-cinema-graphy-movies-sticker-camera.png\" alt=\"Emoji Film Movie camera Cin\u00e9ma, Films, autocollant, appareil photo png |  PNGEgg\" width=\"46\" height=\"26\" \/><\/strong><\/a><\/h3>\n<h3 style=\"text-align: center;\"><a href=\"https:\/\/www.youtube.com\/channel\/UC-PKQ9FAc5NjDntNv6nen2Q\" target=\"_blank\" rel=\"noopener\"> Cha\u00eene youtube <\/a><\/h3>\n<hr \/>\n<pre><span style=\"color: #ff6600;\">\"Tu sais bien\" <span style=\"color: #000000;\">(Beno\u00eet Lagarrigue et F\u00e9lix Lacoste)<\/span><\/span><\/pre>\n<p><iframe loading=\"lazy\" title=\"J\u00e9r\u00e9mie Malodj&#039; Solo - &quot;Tu sais bien&quot;\" width=\"1170\" height=\"658\" src=\"https:\/\/www.youtube.com\/embed\/q3tHqp4Veo0?feature=oembed\" frameborder=\"0\" allow=\"accelerometer; autoplay; clipboard-write; encrypted-media; gyroscope; picture-in-picture; web-share\" referrerpolicy=\"strict-origin-when-cross-origin\" allowfullscreen><\/iframe><\/p>\n<pre><span style=\"color: #ff6600;\">\"Le temps\" <span style=\"color: #000000;\">(Thomas Skrobek et Sophie Viallettes, Octobre 2025)<\/span><\/span><\/pre>\n<p><iframe loading=\"lazy\" title=\"Le temps - Je\u0301re\u0301mie Malodj&#039;\" width=\"1170\" height=\"658\" src=\"https:\/\/www.youtube.com\/embed\/SDQ0Imd9dH4?feature=oembed\" frameborder=\"0\" allow=\"accelerometer; autoplay; clipboard-write; encrypted-media; gyroscope; picture-in-picture; web-share\" referrerpolicy=\"strict-origin-when-cross-origin\" allowfullscreen><\/iframe><\/p>\n<hr \/>\n<pre><span style=\"color: #ff6600;\">\"Am\u00e9lie\" Session cuivr\u00e9e <\/span>(Cl\u00e9ment Stoltz, Octobre 2024)<\/pre>\n<p><iframe loading=\"lazy\" title=\"YouTube video player\" src=\"https:\/\/www.youtube.com\/embed\/lcOi-LXWUl8?si=aqJPiB8EIFTn5Pjw\" width=\"560\" height=\"315\" frameborder=\"0\" allowfullscreen=\"allowfullscreen\"><\/iframe><\/p>\n<pre><span style=\"color: #ff6600;\">Live festival \"Garonna Show\" <\/span>(Anthony Maverick, Juillet 2023)<\/pre>\n<p><iframe loading=\"lazy\" title=\"YouTube video player\" src=\"https:\/\/www.youtube.com\/embed\/ys7e6oKuKs4?si=yb8-KqAFd9SjX7MY\" width=\"560\" height=\"315\" frameborder=\"0\" allowfullscreen=\"allowfullscreen\"><\/iframe><\/p>\n<pre><span style=\"color: #ff6600;\">\"Ch\u00e9rie\"<\/span> (Cl\u00e9ment Stoltz, Mai 2023)<\/pre>\n<pre><iframe loading=\"lazy\" title=\"YouTube video player\" src=\"https:\/\/www.youtube.com\/embed\/keJx8BQzdaI\" width=\"560\" height=\"315\" frameborder=\"0\" allowfullscreen=\"allowfullscreen\"><\/iframe><\/pre>\n<hr \/>\n<pre><span style=\"color: #ff6600;\">\"Le th\u00e9or\u00e8me\"<\/span> (Jeff, Seb et J\u00e9r\u00e9mie)<\/pre>\n<p><iframe loading=\"lazy\" title=\"J\u00e9r\u00e9mie Malodj&#039; - Le Th\u00e9or\u00e8me (Sweet home trio 2020)\" width=\"1170\" height=\"658\" src=\"https:\/\/www.youtube.com\/embed\/2-0PsPDR26g?feature=oembed\" frameborder=\"0\" allow=\"accelerometer; autoplay; clipboard-write; encrypted-media; gyroscope; picture-in-picture; web-share\" referrerpolicy=\"strict-origin-when-cross-origin\" allowfullscreen><\/iframe><\/p>\n<hr \/>\n<pre><span style=\"color: #ff6600;\">\"Am\u00e9lie\" <span style=\"color: #000000;\">(Pierrick Liscia, Octobre 2019)<\/span><\/span><\/pre>\n<pre><span style=\"color: #ff6600;\"><span style=\"color: #ff6600;\"><iframe loading=\"lazy\" title=\"YouTube video player\" src=\"https:\/\/www.youtube.com\/embed\/SJHmpcCxgJM\" width=\"560\" height=\"315\" frameborder=\"0\" allowfullscreen=\"allowfullscreen\"><\/iframe> <\/span><\/span><\/pre>\n<hr \/>\n<pre><span style=\"color: #ff6600;\"><span style=\"color: #ff6600;\">\"Le vent\" <span style=\"color: #000000;\">(<a style=\"color: #000000;\" href=\"https:\/\/vimeo.com\/derkatz\" target=\"_blank\" rel=\"noopener\">Heyto Meredick<\/a>, Julie Blaqui\u00e9, Sophie Bataille, Mai 2019)<\/span><\/span><\/span><\/pre>\n<p><iframe loading=\"lazy\" title=\"J\u00e9r\u00e9mie Malodj&#039;- Le vent (Clip Officiel)\" width=\"1170\" height=\"658\" src=\"https:\/\/www.youtube.com\/embed\/4vEectm9sfI?feature=oembed\" frameborder=\"0\" allow=\"accelerometer; autoplay; clipboard-write; encrypted-media; gyroscope; picture-in-picture; web-share\" referrerpolicy=\"strict-origin-when-cross-origin\" allowfullscreen><\/iframe><\/p>\n<pre style=\"text-align: center;\"><span style=\"color: #000000;\"><span style=\"color: #ff6600;\">Sc\u00e8nes d'\u00e9t\u00e9<\/span><\/span> (RAS Production, 2019)<\/pre>\n<p><iframe loading=\"lazy\" title=\"J\u00e9r\u00e9mie Malodj\u2019 - Sc\u00e8nes d&#039;\u00e9t\u00e9 en Gironde 2019\" width=\"1170\" height=\"658\" src=\"https:\/\/www.youtube.com\/embed\/PrU9hWbGENk?feature=oembed\" frameborder=\"0\" allow=\"accelerometer; autoplay; clipboard-write; encrypted-media; gyroscope; picture-in-picture; web-share\" referrerpolicy=\"strict-origin-when-cross-origin\" allowfullscreen><\/iframe><\/p>\n<pre style=\"text-align: center;\"><span style=\"color: #000000;\"><span style=\"color: #ff6600;\">\"Mademoiselle\"<\/span> (Max Velon, Janvier 2018)<\/span><\/pre>\n<p><iframe loading=\"lazy\" title=\"Je\u0301re\u0301mie Malodj&#039; e a Roda poe\u0301tica - Mademoiselle (Clip Officiel)\" width=\"1170\" height=\"658\" src=\"https:\/\/www.youtube.com\/embed\/8yB2ca3TckY?feature=oembed\" frameborder=\"0\" allow=\"accelerometer; autoplay; clipboard-write; encrypted-media; gyroscope; picture-in-picture; web-share\" referrerpolicy=\"strict-origin-when-cross-origin\" allowfullscreen><\/iframe><\/p>\n<pre style=\"text-align: center;\">\u00a0<span style=\"color: #000000;\"><span style=\"color: #ff6600;\">LIVE \"Am\u00e9lie\", <\/span><\/span><span style=\"color: #000000;\"><span style=\"color: #ff6600;\">Guinguette Chez Alriq <span style=\"color: #000000;\">(<\/span><\/span>Sophie, <span style=\"color: #ff6600;\"><span style=\"color: #000000;\">Juillet 2017<\/span><\/span><span style=\"color: #000000;\">)<\/span> <\/span><\/pre>\n<p><iframe loading=\"lazy\" title=\"J\u00e9r\u00e9mie Malodj&#039; - Guinguette Chez Alriq (Live 2017)\" width=\"1170\" height=\"658\" src=\"https:\/\/www.youtube.com\/embed\/QfD4e1oKpJA?feature=oembed\" frameborder=\"0\" allow=\"accelerometer; autoplay; clipboard-write; encrypted-media; gyroscope; picture-in-picture; web-share\" referrerpolicy=\"strict-origin-when-cross-origin\" allowfullscreen><\/iframe><\/p>\n<pre style=\"text-align: center;\"><span style=\"color: #ff6600;\">\"Changer!\" <\/span><span style=\"color: #000000;\">(Thomas Skrobeck, Juin 2016)<\/span><\/pre>\n<p><iframe loading=\"lazy\" src=\"https:\/\/www.youtube.com\/embed\/0UVEbdr0rWM?rel=0&amp;showinfo=0\" width=\"560\" height=\"315\" frameborder=\"0\" allowfullscreen=\"allowfullscreen\"><\/iframe><\/p>\n<pre style=\"text-align: center;\"><span style=\"color: #000000;\"><span style=\"color: #ff6600;\"> LIVE au Krakatoa <span style=\"color: #000000;\">(<\/span><\/span>Thomas Skrobeck, <span style=\"color: #ff6600;\"><span style=\"color: #000000;\">Novembre 2016<\/span><\/span>)<\/span><\/pre>\n<p><iframe loading=\"lazy\" title=\"J\u00e9r\u00e9mie Malodj&#039; - Krakatoa 1\u00e8re Partie Alpha Blondy (Live 24 Novembre 2016)\" width=\"1170\" height=\"658\" src=\"https:\/\/www.youtube.com\/embed\/_H85k3-1Piw?feature=oembed\" frameborder=\"0\" allow=\"accelerometer; autoplay; clipboard-write; encrypted-media; gyroscope; picture-in-picture; web-share\" referrerpolicy=\"strict-origin-when-cross-origin\" allowfullscreen><\/iframe><\/p>\n<p>&nbsp;<\/p>\n<pre style=\"text-align: center;\"><span style=\"color: #ff6600;\"><span style=\"text-align: center;\">\"Le long de l'Everest\" <span style=\"color: #000000;\">(Beno\u00eet Lagarrigue, Avril 2015)<\/span><\/span><\/span><\/pre>\n<pre style=\"text-align: center;\"><span style=\"color: #ff6600;\"><span style=\"text-align: center;\"><iframe loading=\"lazy\" src=\"https:\/\/www.youtube.com\/embed\/fvRpx0k5CWQ?rel=0&amp;showinfo=0\" width=\"560\" height=\"315\" frameborder=\"0\" allowfullscreen=\"allowfullscreen\"><\/iframe><\/span><\/span><\/pre>\n<pre style=\"text-align: center;\"><span style=\"color: #ff6600;\">\"Juste pour te parler\" Live avec Dany\u00e8l Waro au<\/span> <span style=\"color: #ff6600;\">Rocher de Palmer <span style=\"color: #000000;\">(<\/span><\/span><span style=\"color: #000000;\">Carl Carniato<\/span> - <span style=\"color: #000000;\">Mars 2014)<\/span><\/pre>\n<p><iframe loading=\"lazy\" src=\"https:\/\/www.youtube.com\/embed\/tSGcoJnMnUc?rel=0&amp;showinfo=0\" width=\"560\" height=\"315\" frameborder=\"0\" allowfullscreen=\"allowfullscreen\"><\/iframe><\/p>\n<pre style=\"text-align: center;\"><span style=\"color: #ff6600;\">\"Shuva\" <\/span><span style=\"color: #000000;\">(Pierrick Liscia, J\u00e9r\u00e9mie Malodj' et Alain Chasseuil Mai 2012)<\/span><\/pre>\n<p><iframe loading=\"lazy\" src=\"https:\/\/www.youtube.com\/embed\/ct1V57q5vwU?rel=0&amp;showinfo=0\" width=\"560\" height=\"315\" frameborder=\"0\" allowfullscreen=\"allowfullscreen\"><\/iframe><\/p>\n","protected":false},"excerpt":{"rendered":"<p>CLIPS \ufe0f Cha\u00eene youtube \u00ab\u00a0Tu sais bien\u00a0\u00bb (Beno\u00eet Lagarrigue et F\u00e9lix Lacoste) \u00ab\u00a0Le temps\u00a0\u00bb (Thomas Skrobek et Sophie Viallettes, Octobre 2025) \u00ab\u00a0Am\u00e9lie\u00a0\u00bb Session cuivr\u00e9e (Cl\u00e9ment Stoltz, Octobre 2024) Live festival \u00ab\u00a0Garonna Show\u00a0\u00bb (Anthony Maverick, Juillet 2023) \u00ab\u00a0Ch\u00e9rie\u00a0\u00bb (Cl\u00e9ment Stoltz, Mai 2023) \u00ab\u00a0Le th\u00e9or\u00e8me\u00a0\u00bb (Jeff, Seb et J\u00e9r\u00e9mie) \u00ab\u00a0Am\u00e9lie\u00a0\u00bb (Pierrick Liscia, Octobre 2019) \u00ab\u00a0Le vent\u00a0\u00bb (Heyto [&hellip;]<\/p>\n","protected":false},"author":1,"featured_media":0,"parent":0,"menu_order":0,"comment_status":"closed","ping_status":"closed","template":"","meta":{"footnotes":""},"class_list":["post-39","page","type-page","status-publish","hentry"],"_links":{"self":[{"href":"http:\/\/jeremiemalodj.com\/index.php\/wp-json\/wp\/v2\/pages\/39","targetHints":{"allow":["GET"]}}],"collection":[{"href":"http:\/\/jeremiemalodj.com\/index.php\/wp-json\/wp\/v2\/pages"}],"about":[{"href":"http:\/\/jeremiemalodj.com\/index.php\/wp-json\/wp\/v2\/types\/page"}],"author":[{"embeddable":true,"href":"http:\/\/jeremiemalodj.com\/index.php\/wp-json\/wp\/v2\/users\/1"}],"replies":[{"embeddable":true,"href":"http:\/\/jeremiemalodj.com\/index.php\/wp-json\/wp\/v2\/comments?post=39"}],"version-history":[{"count":129,"href":"http:\/\/jeremiemalodj.com\/index.php\/wp-json\/wp\/v2\/pages\/39\/revisions"}],"predecessor-version":[{"id":4512,"href":"http:\/\/jeremiemalodj.com\/index.php\/wp-json\/wp\/v2\/pages\/39\/revisions\/4512"}],"wp:attachment":[{"href":"http:\/\/jeremiemalodj.com\/index.php\/wp-json\/wp\/v2\/media?parent=39"}],"curies":[{"name":"wp","href":"https:\/\/api.w.org\/{rel}","templated":true}]}}