{"id":62,"date":"2016-10-08T14:23:54","date_gmt":"2016-10-08T12:23:54","guid":{"rendered":"http:\/\/jeremiemalodj.com\/?page_id=62"},"modified":"2026-04-08T14:54:45","modified_gmt":"2026-04-08T12:54:45","slug":"espace-pro","status":"publish","type":"page","link":"http:\/\/jeremiemalodj.com\/index.php\/espace-pro\/","title":{"rendered":"CONTACTS \/ PRO"},"content":{"rendered":"<h5 style=\"text-align: left;\"><span style=\"color: #ff6600;\"><a style=\"color: #ff6600;\" href=\"http:\/\/jeremiemalodj.com\/wp-content\/uploads\/2016\/10\/BIO-Je\u0301re\u0301mie-Malodj-2024.pdf\" target=\"_blank\" rel=\"noopener\"><strong>BIO PRESSE <\/strong><\/a><\/span><\/h5>\n<p style=\"text-align: left;\"><a href=\"http:\/\/jeremiemalodj.com\/wp-content\/uploads\/2025\/08\/BIO-Je\u0301re\u0301mie-Malodj-2025.pdf\" target=\"_blank\" rel=\"noopener\"><span style=\"color: #000000;\">T\u00e9l\u00e9charger BIO Je\u0301re\u0301mie Malodj&rsquo;<\/span><\/a><\/p>\n<p style=\"text-align: left;\"><span style=\"color: #000000;\"><a style=\"color: #000000;\" href=\"http:\/\/jeremiemalodj.com\/wp-content\/uploads\/2019\/03\/pdf\u00b720190307\u00b7SO_P\u00b7bordeaux-rive-gauche-c2_11.pdf\" target=\"_blank\" rel=\"noopener\">T\u00e9l\u00e9charger article Sud-Ouest (07\/03\/2019)<\/a><\/span><\/p>\n<hr \/>\n<h5 style=\"text-align: left;\"><span style=\"color: #ff6600;\"><strong><a style=\"color: #ff6600;\" href=\"https:\/\/drive.google.com\/file\/d\/14LtvYFe6FDnHdm5aTdPMNb6lD4eGQqwK\/view?usp=sharing\" target=\"_blank\" rel=\"noopener\">PHOTOS<\/a><\/strong><\/span><\/h5>\n<p><span style=\"color: #000000;\"><a style=\"color: #000000;\" href=\"http:\/\/jeremiemalodj.com\/wp-content\/uploads\/2025\/12\/Visuel-Solo-carre-Credit-Anne-Jolivet-2.jpg\" target=\"_blank\" rel=\"noopener\">J\u00e9r\u00e9mie Malodj&rsquo; SOLO format carr\u00e9 (Cr\u00e9dit photo Anne Jolivet, <\/a><a href=\"https:\/\/www.photosequivox.com\/\">equivoxephotos<\/a>)<\/p>\n<p><a style=\"color: #000000;\" href=\"http:\/\/jeremiemalodj.com\/wp-content\/uploads\/2026\/04\/Visuel-Solo-horizontal-Credit-Anne-Jolivet.jpg\" target=\"_blank\" rel=\"noopener\">J\u00e9r\u00e9mie Malodj&rsquo; SOLO format rectangle (Cr\u00e9dit photo Anne Jolivet, <\/a><a style=\"color: #000000;\" href=\"https:\/\/www.photosequivox.com\/\" target=\"_blank\" rel=\"noopener\">equivoxephotos<\/a>)<br \/>\n<\/span><\/p>\n<p><span style=\"color: #000000;\"><a style=\"color: #000000;\" href=\"http:\/\/jeremiemalodj.com\/wp-content\/uploads\/2026\/02\/Capture-decran-2026-01-21-a-16.13.05-scaled.png\" target=\"_blank\" rel=\"noopener\"><span style=\"color: #000000;\">J\u00e9r\u00e9mie Malodj&rsquo; SOLO (Cr\u00e9dit photo Beno\u00eet Lagarr<\/span>igue)<\/a><\/p>\n<p><a style=\"color: #000000;\" href=\"http:\/\/jeremiemalodj.com\/wp-content\/uploads\/2024\/04\/compo4-3_final_chaud2-3-le\u0301ger.jpg\" target=\"_blank\" rel=\"noopener\">J\u00e9r\u00e9mie Malodj&rsquo; TRIO (Cr\u00e9dit photo : Anne Jolivet,<\/a><\/span> <a href=\"https:\/\/www.photosequivox.com\/\">equivoxephotos<\/a>)<\/p>\n<p><span style=\"color: #000000;\"><a style=\"color: #000000;\" href=\"http:\/\/jeremiemalodj.com\/wp-content\/uploads\/2024\/04\/Compo_412-5_chaud-2-3-le\u0301ger.jpg\" target=\"_blank\" rel=\"noopener\">J\u00e9r\u00e9mie Malodj QUINTET CUIVR\u00c9<\/a><\/span> <span style=\"color: #000000;\"><a style=\"color: #000000;\" href=\"http:\/\/jeremiemalodj.com\/wp-content\/uploads\/2024\/04\/compo4-3_final_chaud2-3-le\u0301ger.jpg\" target=\"_blank\" rel=\"noopener\">(Cr\u00e9dit photo : Anne Jolivet,<\/a><\/span> <a href=\"https:\/\/www.photosequivox.com\/\">equivoxephotos<\/a>)<\/p>\n<p><span style=\"color: #000000;\"><a style=\"color: #000000;\" href=\"http:\/\/jeremiemalodj.com\/wp-content\/uploads\/2021\/10\/241260483_3161112144117859_1344952658529459166_n.jpg\" target=\"_blank\" rel=\"noopener\">\u00ab\u00a0Les Zarp\u00e8tes\u00a0\u00bb (Cr\u00e9dits photo : http:\/\/www.chth.fr\/)<\/a><\/span><\/p>\n<p style=\"text-align: left;\"><span style=\"color: #000000;\"><a style=\"color: #000000;\" href=\"http:\/\/jeremiemalodj.com\/wp-content\/uploads\/2019\/07\/Jeremie-Malodj-Trio-Elephant-Vincent-Pinson.jpg\" target=\"_blank\" rel=\"noopener\">\u00ab\u00a0L&rsquo;\u00e9l\u00e9phant\u00a0\u00bb en couleur (Cr\u00e9dit photo: Vincent Pinson)<\/a><\/span><\/p>\n<h5 style=\"text-align: left;\"><span style=\"color: #ff9900;\"><strong><br \/>\n<span style=\"color: #ff6600;\">VISUELS \/ AFFICHES<br \/>\n<\/span><\/strong><\/span><\/h5>\n<p style=\"text-align: left;\"><span style=\"color: #000000;\"><a style=\"color: #000000;\" href=\"http:\/\/jeremiemalodj.com\/wp-content\/uploads\/2024\/08\/3.jpg\" target=\"_blank\" rel=\"noopener\">\u00ab\u00a0Trio J\u00e9r\u00e9mie Malodj&rsquo; en concert\u00a0\u00bb (Dessin: Julie Blaqui\u00e9 \/ R\u00e9alisation: Romain Vayssettes)<\/a><\/span><\/p>\n<p style=\"text-align: left;\"><span style=\"color: #000000;\"><a style=\"color: #000000;\" href=\"http:\/\/jeremiemalodj.com\/wp-content\/uploads\/2016\/10\/A2_JeremieMalodj.pdf\" target=\"_blank\" rel=\"noopener\">\u00ab\u00a0Les fleurs\u00a0\u00bb (A2 &#8211; 38 Mo) (Cr\u00e9dit photo: Emma Baldini \/ <\/a><a style=\"color: #000000;\" href=\"http:\/\/jeremiemalodj.com\/wp-content\/uploads\/2019\/07\/4.jpg\" target=\"_blank\" rel=\"noopener\">R\u00e9alisation: Romain Vayssettes)<\/a><\/span><\/p>\n<p style=\"text-align: left;\"><span style=\"color: #000000;\">F<a style=\"color: #000000;\" href=\"http:\/\/jeremiemalodj.com\/wp-content\/uploads\/2016\/10\/Flyer_JeremieMalodj_Fleurs.jpg\" target=\"_blank\" rel=\"noopener\">ormat flyer \u00ab\u00a0Les fleurs\u00a0\u00bb (1,1 Mo) <\/a><a style=\"color: #000000;\" href=\"http:\/\/jeremiemalodj.com\/wp-content\/uploads\/2016\/10\/Flyer_JeremieMalodj_Fleurs.jpg\" target=\"_blank\" rel=\"noopener\">(Cr\u00e9dit photo: Emma Baldini \/ <\/a><a style=\"color: #000000;\" href=\"http:\/\/jeremiemalodj.com\/wp-content\/uploads\/2019\/07\/4.jpg\" target=\"_blank\" rel=\"noopener\">R\u00e9alisation: Romain Vayssettes)<\/a><\/span><\/p>\n<hr \/>\n<h5 style=\"text-align: left;\"><span style=\"color: #ff6600;\"><a style=\"color: #ff6600;\" href=\"http:\/\/jeremiemalodj.com\/wp-content\/uploads\/2016\/10\/Dossier-Technique-trio-e%CC%81lectrique-Je%CC%81re%CC%81mie-Malodj-2018E.pdf\" target=\"_blank\" rel=\"noopener\"><strong>FICHES TECHNIQUE<\/strong><\/a><strong>S<\/strong><\/span><\/h5>\n<p style=\"text-align: left;\"><span style=\"color: #000000;\"><a style=\"color: #000000;\" href=\"http:\/\/jeremiemalodj.com\/wp-content\/uploads\/2016\/10\/Fiche-Technique-Je\u0301re\u0301mie-Malodj-Trio-E2024.pdf\" target=\"_blank\" rel=\"noopener\">J\u00e9r\u00e9mie Malodj&rsquo; \u00ab\u00a0Trio Electrique\u00a0\u00bb<\/a><\/span><\/p>\n<p><span style=\"color: #000000;\">J\u00e9<\/span><a href=\"http:\/\/jeremiemalodj.com\/wp-content\/uploads\/2023\/01\/Fiche-Technique-Je\u0301re\u0301mie-Malodj-Trio-A2022.pdf\" target=\"_blank\" rel=\"noopener\"><span style=\"color: #000000;\">r\u00e9mie Malodj&rsquo; \u00ab\u00a0Trio Acoustique\u00a0\u00bb<\/span><\/a><\/p>\n<p><span style=\"color: #000000;\"><a style=\"color: #000000;\" href=\"http:\/\/jeremiemalodj.com\/wp-content\/uploads\/2025\/02\/SextetMalodj_RIDER_mai2024.pdf\" target=\"_blank\" rel=\"noopener\">J\u00e9r\u00e9mie Malodj&rsquo; Cuivr\u00e9<\/a><\/span><\/p>\n<p>&nbsp;<\/p>\n<p><span style=\"color: #ff6600;\"><a style=\"color: #ff6600;\" href=\"http:\/\/jeremiemalodj.com\/index.php\/espace-pro\/contact\/\" target=\"_blank\" rel=\"noopener\"><strong>CONTACT<\/strong><\/a><\/span><\/p>\n<p style=\"text-align: left;\"><span style=\"color: #ff9900;\"><strong>GROUPE \/ BOOKING<\/strong> : <span style=\"text-align: center; color: #000000;\">jeremie.malodj@gmail.com \/ +33 663 945 720<\/span><\/span><\/p>\n<p style=\"text-align: left;\"><span style=\"color: #ff9900;\"><strong>TECHNIQUE<\/strong> : <span style=\"color: #000000;\">sebastienverlhac@gmail.com \/ <\/span><span style=\"color: #000000;\">+33 681 566 576<\/span><\/span><\/p>\n<p style=\"text-align: left;\"><span style=\"color: #ff9900;\"><strong>ADMIN<\/strong> : <span style=\"color: #000000;\">cheminscroises33@gmail.com \/ <\/span><span style=\"color: #000000;\">+33 687 221 740<\/span><\/span><\/p>\n<h4 style=\"text-align: left;\"><strong>\u00a0<\/strong><\/h4>\n","protected":false},"excerpt":{"rendered":"<p>BIO PRESSE T\u00e9l\u00e9charger BIO Je\u0301re\u0301mie Malodj&rsquo; T\u00e9l\u00e9charger article Sud-Ouest (07\/03\/2019) PHOTOS J\u00e9r\u00e9mie Malodj&rsquo; SOLO format carr\u00e9 (Cr\u00e9dit photo Anne Jolivet, equivoxephotos) J\u00e9r\u00e9mie Malodj&rsquo; SOLO format rectangle (Cr\u00e9dit photo Anne Jolivet, equivoxephotos) J\u00e9r\u00e9mie Malodj&rsquo; SOLO (Cr\u00e9dit photo Beno\u00eet Lagarrigue) J\u00e9r\u00e9mie Malodj&rsquo; TRIO (Cr\u00e9dit photo : Anne Jolivet, equivoxephotos) J\u00e9r\u00e9mie Malodj QUINTET CUIVR\u00c9 (Cr\u00e9dit photo : Anne [&hellip;]<\/p>\n","protected":false},"author":1,"featured_media":0,"parent":0,"menu_order":0,"comment_status":"closed","ping_status":"closed","template":"","meta":{"footnotes":""},"class_list":["post-62","page","type-page","status-publish","hentry"],"_links":{"self":[{"href":"http:\/\/jeremiemalodj.com\/index.php\/wp-json\/wp\/v2\/pages\/62","targetHints":{"allow":["GET"]}}],"collection":[{"href":"http:\/\/jeremiemalodj.com\/index.php\/wp-json\/wp\/v2\/pages"}],"about":[{"href":"http:\/\/jeremiemalodj.com\/index.php\/wp-json\/wp\/v2\/types\/page"}],"author":[{"embeddable":true,"href":"http:\/\/jeremiemalodj.com\/index.php\/wp-json\/wp\/v2\/users\/1"}],"replies":[{"embeddable":true,"href":"http:\/\/jeremiemalodj.com\/index.php\/wp-json\/wp\/v2\/comments?post=62"}],"version-history":[{"count":174,"href":"http:\/\/jeremiemalodj.com\/index.php\/wp-json\/wp\/v2\/pages\/62\/revisions"}],"predecessor-version":[{"id":4565,"href":"http:\/\/jeremiemalodj.com\/index.php\/wp-json\/wp\/v2\/pages\/62\/revisions\/4565"}],"wp:attachment":[{"href":"http:\/\/jeremiemalodj.com\/index.php\/wp-json\/wp\/v2\/media?parent=62"}],"curies":[{"name":"wp","href":"https:\/\/api.w.org\/{rel}","templated":true}]}}